{"id":2,"date":"2022-09-25T14:56:38","date_gmt":"2022-09-25T14:56:38","guid":{"rendered":"https:\/\/essentials.urbantree.ch\/?page_id=2"},"modified":"2022-11-08T15:13:21","modified_gmt":"2022-11-08T15:13:21","slug":"sample-page","status":"publish","type":"page","link":"https:\/\/essentials.urbantree.ch\/","title":{"rendered":"Stadtbaumkarten"},"content":{"rendered":"<style type=\"text\/css\">\n#foogallery-gallery-287 .fg-image { width: 450px; }\n#foogallery-gallery-287 { --fg-gutter: 10px; }<\/style>\n\t\t\t<div class=\"foogallery foogallery-container foogallery-default foogallery-lightbox-foobox fg-left fg-default fg-ready fg-light fg-border-thin fg-shadow-outline fg-loading-default fg-loaded-fade-in fg-hover-scale fg-caption-hover fg-hover-fade fg-hover-zoom fg-light-overlays\" id=\"foogallery-gallery-287\" data-foogallery=\"{&quot;item&quot;:{&quot;showCaptionTitle&quot;:false,&quot;showCaptionDescription&quot;:true},&quot;lazy&quot;:true}\" style=\"--fg-title-line-clamp: 0; --fg-description-line-clamp: 0;\" >\n\t<div class=\"fg-item fg-type-image fg-idle\"><figure class=\"fg-item-inner\"><a href=\"https:\/\/essentials.urbantree.ch\/wp-content\/uploads\/2022\/11\/BaumkartenKategorien.png\" data-caption-desc=\"Kategorien\" data-attachment-id=\"151\" data-type=\"image\" class=\"fg-thumb\"><span class=\"fg-image-wrap\"><img fetchpriority=\"high\" decoding=\"async\" alt=\"Kategorien\" width=\"450\" height=\"300\" class=\"skip-lazy fg-image\" data-src-fg=\"https:\/\/essentials.urbantree.ch\/wp-content\/uploads\/cache\/2022\/11\/BaumkartenKategorien\/937364212.png\" src=\"data:image\/svg+xml,%3Csvg%20xmlns%3D%22http%3A%2F%2Fwww.w3.org%2F2000%2Fsvg%22%20width%3D%22450%22%20height%3D%22300%22%20viewBox%3D%220%200%20450%20300%22%3E%3C%2Fsvg%3E\" loading=\"eager\"><\/span><span class=\"fg-image-overlay\"><\/span><\/a><figcaption class=\"fg-caption\"><div class=\"fg-caption-inner\"><div class=\"fg-caption-desc\">Kategorien<\/div><\/div><\/figcaption><\/figure><div class=\"fg-loader\"><\/div><\/div><div class=\"fg-item fg-type-image fg-idle\"><figure class=\"fg-item-inner\"><a href=\"https:\/\/essentials.urbantree.ch\/wp-content\/uploads\/2022\/11\/BaumkartenAlteBaeumeBiodiv.png\" data-caption-desc=\"Alte B\u00e4ume haben einen h\u00f6heren Wert f\u00fcr die Biodiversit\u00e4t\" data-attachment-id=\"148\" data-type=\"image\" class=\"fg-thumb\"><span class=\"fg-image-wrap\"><img decoding=\"async\" alt=\"Alte B\u00e4ume haben einen h\u00f6heren Wert f\u00fcr die Biodiversit\u00e4t\" width=\"450\" height=\"300\" class=\"skip-lazy fg-image\" data-src-fg=\"https:\/\/essentials.urbantree.ch\/wp-content\/uploads\/cache\/2022\/11\/BaumkartenAlteBaeumeBiodiv\/1852738363.png\" src=\"data:image\/svg+xml,%3Csvg%20xmlns%3D%22http%3A%2F%2Fwww.w3.org%2F2000%2Fsvg%22%20width%3D%22450%22%20height%3D%22300%22%20viewBox%3D%220%200%20450%20300%22%3E%3C%2Fsvg%3E\" loading=\"eager\"><\/span><span class=\"fg-image-overlay\"><\/span><\/a><figcaption class=\"fg-caption\"><div class=\"fg-caption-inner\"><div class=\"fg-caption-desc\">Alte B\u00e4ume haben einen h\u00f6heren Wert f\u00fcr die Biodiversit\u00e4t<\/div><\/div><\/figcaption><\/figure><div class=\"fg-loader\"><\/div><\/div><div class=\"fg-item fg-type-image fg-idle\"><figure class=\"fg-item-inner\"><a href=\"https:\/\/essentials.urbantree.ch\/wp-content\/uploads\/2022\/11\/BaumkartenAnpassungsfaehigkeitBaeume.png\" data-caption-desc=\"Anpassungsf\u00e4higkeit von B\u00e4umen\" data-attachment-id=\"141\" data-type=\"image\" class=\"fg-thumb\"><span class=\"fg-image-wrap\"><img decoding=\"async\" alt=\"Anpassungsf\u00e4higkeit von B\u00e4umen\" width=\"450\" height=\"300\" class=\"skip-lazy fg-image\" data-src-fg=\"https:\/\/essentials.urbantree.ch\/wp-content\/uploads\/cache\/2022\/11\/BaumkartenAnpassungsfaehigkeitBaeume\/1901709846.png\" src=\"data:image\/svg+xml,%3Csvg%20xmlns%3D%22http%3A%2F%2Fwww.w3.org%2F2000%2Fsvg%22%20width%3D%22450%22%20height%3D%22300%22%20viewBox%3D%220%200%20450%20300%22%3E%3C%2Fsvg%3E\" loading=\"eager\"><\/span><span class=\"fg-image-overlay\"><\/span><\/a><figcaption class=\"fg-caption\"><div class=\"fg-caption-inner\"><div class=\"fg-caption-desc\">Anpassungsf\u00e4higkeit von B\u00e4umen<\/div><\/div><\/figcaption><\/figure><div class=\"fg-loader\"><\/div><\/div><div class=\"fg-item fg-type-image fg-idle\"><figure class=\"fg-item-inner\"><a href=\"https:\/\/essentials.urbantree.ch\/wp-content\/uploads\/2022\/11\/BaumkartenAusreichenderWurzelraum.png\" data-caption-desc=\"Ausreichender Wurzelraum geht oft vergessen\" data-attachment-id=\"144\" data-type=\"image\" class=\"fg-thumb\"><span class=\"fg-image-wrap\"><img decoding=\"async\" alt=\"Ausreichender Wurzelraum geht oft vergessen\" width=\"450\" height=\"300\" class=\"skip-lazy fg-image\" data-src-fg=\"https:\/\/essentials.urbantree.ch\/wp-content\/uploads\/cache\/2022\/11\/BaumkartenAusreichenderWurzelraum\/825095337.png\" src=\"data:image\/svg+xml,%3Csvg%20xmlns%3D%22http%3A%2F%2Fwww.w3.org%2F2000%2Fsvg%22%20width%3D%22450%22%20height%3D%22300%22%20viewBox%3D%220%200%20450%20300%22%3E%3C%2Fsvg%3E\" loading=\"eager\"><\/span><span class=\"fg-image-overlay\"><\/span><\/a><figcaption class=\"fg-caption\"><div class=\"fg-caption-inner\"><div class=\"fg-caption-desc\">Ausreichender Wurzelraum geht oft vergessen<\/div><\/div><\/figcaption><\/figure><div class=\"fg-loader\"><\/div><\/div><div class=\"fg-item fg-type-image fg-idle\"><figure class=\"fg-item-inner\"><a href=\"https:\/\/essentials.urbantree.ch\/wp-content\/uploads\/2022\/11\/BaumkartenBaukulturWerte.png\" data-caption-desc=\"Baukultur: Werte\" data-attachment-id=\"136\" data-type=\"image\" class=\"fg-thumb\"><span class=\"fg-image-wrap\"><img decoding=\"async\" alt=\"Baukultur: Werte\" width=\"450\" height=\"300\" class=\"skip-lazy fg-image\" data-src-fg=\"https:\/\/essentials.urbantree.ch\/wp-content\/uploads\/cache\/2022\/11\/BaumkartenBaukulturWerte\/510321209.png\" src=\"data:image\/svg+xml,%3Csvg%20xmlns%3D%22http%3A%2F%2Fwww.w3.org%2F2000%2Fsvg%22%20width%3D%22450%22%20height%3D%22300%22%20viewBox%3D%220%200%20450%20300%22%3E%3C%2Fsvg%3E\" loading=\"eager\"><\/span><span class=\"fg-image-overlay\"><\/span><\/a><figcaption class=\"fg-caption\"><div class=\"fg-caption-inner\"><div class=\"fg-caption-desc\">Baukultur: Werte<\/div><\/div><\/figcaption><\/figure><div class=\"fg-loader\"><\/div><\/div><div class=\"fg-item fg-type-image fg-idle\"><figure class=\"fg-item-inner\"><a href=\"https:\/\/essentials.urbantree.ch\/wp-content\/uploads\/2022\/11\/BaumkartenBaummanagement.png\" data-caption-desc=\"Baummanagement\" data-attachment-id=\"150\" data-type=\"image\" class=\"fg-thumb\"><span class=\"fg-image-wrap\"><img decoding=\"async\" alt=\"Baummanagement\" width=\"450\" height=\"300\" class=\"skip-lazy fg-image\" data-src-fg=\"https:\/\/essentials.urbantree.ch\/wp-content\/uploads\/cache\/2022\/11\/BaumkartenBaummanagement\/1905203335.png\" src=\"data:image\/svg+xml,%3Csvg%20xmlns%3D%22http%3A%2F%2Fwww.w3.org%2F2000%2Fsvg%22%20width%3D%22450%22%20height%3D%22300%22%20viewBox%3D%220%200%20450%20300%22%3E%3C%2Fsvg%3E\" loading=\"eager\"><\/span><span class=\"fg-image-overlay\"><\/span><\/a><figcaption class=\"fg-caption\"><div class=\"fg-caption-inner\"><div class=\"fg-caption-desc\">Baummanagement<\/div><\/div><\/figcaption><\/figure><div class=\"fg-loader\"><\/div><\/div><div class=\"fg-item fg-type-image fg-idle\"><figure class=\"fg-item-inner\"><a href=\"https:\/\/essentials.urbantree.ch\/wp-content\/uploads\/2022\/11\/BaumkartenBaumscheiben.png\" data-caption-desc=\"Baumscheiben\" data-attachment-id=\"149\" data-type=\"image\" class=\"fg-thumb\"><span class=\"fg-image-wrap\"><img decoding=\"async\" alt=\"Baumscheiben\" width=\"450\" height=\"300\" class=\"skip-lazy fg-image\" data-src-fg=\"https:\/\/essentials.urbantree.ch\/wp-content\/uploads\/cache\/2022\/11\/BaumkartenBaumscheiben\/1184558417.png\" src=\"data:image\/svg+xml,%3Csvg%20xmlns%3D%22http%3A%2F%2Fwww.w3.org%2F2000%2Fsvg%22%20width%3D%22450%22%20height%3D%22300%22%20viewBox%3D%220%200%20450%20300%22%3E%3C%2Fsvg%3E\" loading=\"eager\"><\/span><span class=\"fg-image-overlay\"><\/span><\/a><figcaption class=\"fg-caption\"><div class=\"fg-caption-inner\"><div class=\"fg-caption-desc\">Baumscheiben<\/div><\/div><\/figcaption><\/figure><div class=\"fg-loader\"><\/div><\/div><div class=\"fg-item fg-type-image fg-idle\"><figure class=\"fg-item-inner\"><a href=\"https:\/\/essentials.urbantree.ch\/wp-content\/uploads\/2022\/11\/BaumkartenBaumUndHausAlterBaum.png\" data-caption-title=\"Baum &amp;amp; Haus: Alter Baum\" data-caption-desc=\"Baum &amp;amp; Haus: Alter Baum\" data-attachment-id=\"138\" data-type=\"image\" class=\"fg-thumb\"><span class=\"fg-image-wrap\"><img decoding=\"async\" alt=\"Baum &amp; Haus: Alter Baum\" title=\"Baum &amp; Haus: Alter Baum\" width=\"450\" height=\"300\" class=\"skip-lazy fg-image\" data-src-fg=\"https:\/\/essentials.urbantree.ch\/wp-content\/uploads\/cache\/2022\/11\/BaumkartenBaumUndHausAlterBaum\/165237329.png\" src=\"data:image\/svg+xml,%3Csvg%20xmlns%3D%22http%3A%2F%2Fwww.w3.org%2F2000%2Fsvg%22%20width%3D%22450%22%20height%3D%22300%22%20viewBox%3D%220%200%20450%20300%22%3E%3C%2Fsvg%3E\" loading=\"eager\"><\/span><span class=\"fg-image-overlay\"><\/span><\/a><figcaption class=\"fg-caption\"><div class=\"fg-caption-inner\"><div class=\"fg-caption-desc\">Baum &amp; Haus: Alter Baum<\/div><\/div><\/figcaption><\/figure><div class=\"fg-loader\"><\/div><\/div><div class=\"fg-item fg-type-image fg-idle\"><figure class=\"fg-item-inner\"><a href=\"https:\/\/essentials.urbantree.ch\/wp-content\/uploads\/2022\/11\/BaumkartenBaumUndHausNeupflanzung.png\" data-caption-desc=\"Baum&amp;amp;Haus: Neupflanzung\" data-attachment-id=\"137\" data-type=\"image\" class=\"fg-thumb\"><span class=\"fg-image-wrap\"><img decoding=\"async\" alt=\"Baum&amp;Haus: Neupflanzung\" width=\"450\" height=\"300\" class=\"skip-lazy fg-image\" data-src-fg=\"https:\/\/essentials.urbantree.ch\/wp-content\/uploads\/cache\/2022\/11\/BaumkartenBaumUndHausNeupflanzung\/3532462516.png\" src=\"data:image\/svg+xml,%3Csvg%20xmlns%3D%22http%3A%2F%2Fwww.w3.org%2F2000%2Fsvg%22%20width%3D%22450%22%20height%3D%22300%22%20viewBox%3D%220%200%20450%20300%22%3E%3C%2Fsvg%3E\" loading=\"eager\"><\/span><span class=\"fg-image-overlay\"><\/span><\/a><figcaption class=\"fg-caption\"><div class=\"fg-caption-inner\"><div class=\"fg-caption-desc\">Baum&amp;Haus: Neupflanzung<\/div><\/div><\/figcaption><\/figure><div class=\"fg-loader\"><\/div><\/div><div class=\"fg-item fg-type-image fg-idle\"><figure class=\"fg-item-inner\"><a href=\"https:\/\/essentials.urbantree.ch\/wp-content\/uploads\/2022\/11\/BaumkartenBaeumeGesundheit.png\" data-caption-desc=\"B\u00e4ume f\u00f6rdern die Gesundheit\" data-attachment-id=\"146\" data-type=\"image\" class=\"fg-thumb\"><span class=\"fg-image-wrap\"><img decoding=\"async\" alt=\"B\u00e4ume f\u00f6rdern die Gesundheit\" width=\"450\" height=\"300\" class=\"skip-lazy fg-image\" data-src-fg=\"https:\/\/essentials.urbantree.ch\/wp-content\/uploads\/cache\/2022\/11\/BaumkartenBaeumeGesundheit\/4279106066.png\" src=\"data:image\/svg+xml,%3Csvg%20xmlns%3D%22http%3A%2F%2Fwww.w3.org%2F2000%2Fsvg%22%20width%3D%22450%22%20height%3D%22300%22%20viewBox%3D%220%200%20450%20300%22%3E%3C%2Fsvg%3E\" loading=\"eager\"><\/span><span class=\"fg-image-overlay\"><\/span><\/a><figcaption class=\"fg-caption\"><div class=\"fg-caption-inner\"><div class=\"fg-caption-desc\">B\u00e4ume f\u00f6rdern die Gesundheit<\/div><\/div><\/figcaption><\/figure><div class=\"fg-loader\"><\/div><\/div><div class=\"fg-item fg-type-image fg-idle\"><figure class=\"fg-item-inner\"><a href=\"https:\/\/essentials.urbantree.ch\/wp-content\/uploads\/2022\/11\/BaumkartenStadtklima.png\" data-caption-desc=\"B\u00e4ume verbessern das Klima in der Stadt\" data-attachment-id=\"145\" data-type=\"image\" class=\"fg-thumb\"><span class=\"fg-image-wrap\"><img decoding=\"async\" alt=\"B\u00e4ume verbessern das Klima in der Stadt\" width=\"450\" height=\"300\" class=\"skip-lazy fg-image\" data-src-fg=\"https:\/\/essentials.urbantree.ch\/wp-content\/uploads\/cache\/2022\/11\/BaumkartenStadtklima\/2761316640.png\" src=\"data:image\/svg+xml,%3Csvg%20xmlns%3D%22http%3A%2F%2Fwww.w3.org%2F2000%2Fsvg%22%20width%3D%22450%22%20height%3D%22300%22%20viewBox%3D%220%200%20450%20300%22%3E%3C%2Fsvg%3E\" loading=\"eager\"><\/span><span class=\"fg-image-overlay\"><\/span><\/a><figcaption class=\"fg-caption\"><div class=\"fg-caption-inner\"><div class=\"fg-caption-desc\">B\u00e4ume verbessern das Klima in der Stadt<\/div><\/div><\/figcaption><\/figure><div class=\"fg-loader\"><\/div><\/div><div class=\"fg-item fg-type-image fg-idle\"><figure class=\"fg-item-inner\"><a href=\"https:\/\/essentials.urbantree.ch\/wp-content\/uploads\/2022\/11\/BaumkartenBaumBaumwurzeln.png\" data-caption-desc=\"Baum&amp;amp;Baumwurzeln\" data-attachment-id=\"140\" data-type=\"image\" class=\"fg-thumb\"><span class=\"fg-image-wrap\"><img decoding=\"async\" alt=\"Baum&amp;Baumwurzeln\" width=\"450\" height=\"300\" class=\"skip-lazy fg-image\" data-src-fg=\"https:\/\/essentials.urbantree.ch\/wp-content\/uploads\/cache\/2022\/11\/BaumkartenBaumBaumwurzeln\/2920278855.png\" src=\"data:image\/svg+xml,%3Csvg%20xmlns%3D%22http%3A%2F%2Fwww.w3.org%2F2000%2Fsvg%22%20width%3D%22450%22%20height%3D%22300%22%20viewBox%3D%220%200%20450%20300%22%3E%3C%2Fsvg%3E\" loading=\"eager\"><\/span><span class=\"fg-image-overlay\"><\/span><\/a><figcaption class=\"fg-caption\"><div class=\"fg-caption-inner\"><div class=\"fg-caption-desc\">Baum&amp;Baumwurzeln<\/div><\/div><\/figcaption><\/figure><div class=\"fg-loader\"><\/div><\/div><div class=\"fg-item fg-type-image fg-idle\"><figure class=\"fg-item-inner\"><a href=\"https:\/\/essentials.urbantree.ch\/wp-content\/uploads\/2022\/11\/BaumkartenGrosseBaeumeLeistenMehr.png\" data-caption-desc=\"Grosse B\u00e4ume leisten mehr\" data-attachment-id=\"139\" data-type=\"image\" class=\"fg-thumb\"><span class=\"fg-image-wrap\"><img decoding=\"async\" alt=\"Grosse B\u00e4ume leisten mehr\" width=\"450\" height=\"300\" class=\"skip-lazy fg-image\" data-src-fg=\"https:\/\/essentials.urbantree.ch\/wp-content\/uploads\/cache\/2022\/11\/BaumkartenGrosseBaeumeLeistenMehr\/1240600934.png\" src=\"data:image\/svg+xml,%3Csvg%20xmlns%3D%22http%3A%2F%2Fwww.w3.org%2F2000%2Fsvg%22%20width%3D%22450%22%20height%3D%22300%22%20viewBox%3D%220%200%20450%20300%22%3E%3C%2Fsvg%3E\" loading=\"eager\"><\/span><span class=\"fg-image-overlay\"><\/span><\/a><figcaption class=\"fg-caption\"><div class=\"fg-caption-inner\"><div class=\"fg-caption-desc\">Grosse B\u00e4ume leisten mehr<\/div><\/div><\/figcaption><\/figure><div class=\"fg-loader\"><\/div><\/div><div class=\"fg-item fg-type-image fg-idle\"><figure class=\"fg-item-inner\"><a href=\"https:\/\/essentials.urbantree.ch\/wp-content\/uploads\/2022\/11\/BaumkartenLebenszyklusWerterhaltung.png\" data-caption-desc=\"Lebenszyklus: Werterhaltung\" data-attachment-id=\"135\" data-type=\"image\" class=\"fg-thumb\"><span class=\"fg-image-wrap\"><img decoding=\"async\" alt=\"Lebenszyklus: Werterhaltung\" width=\"450\" height=\"300\" class=\"skip-lazy fg-image\" data-src-fg=\"https:\/\/essentials.urbantree.ch\/wp-content\/uploads\/cache\/2022\/11\/BaumkartenLebenszyklusWerterhaltung\/3993169007.png\" src=\"data:image\/svg+xml,%3Csvg%20xmlns%3D%22http%3A%2F%2Fwww.w3.org%2F2000%2Fsvg%22%20width%3D%22450%22%20height%3D%22300%22%20viewBox%3D%220%200%20450%20300%22%3E%3C%2Fsvg%3E\" loading=\"eager\"><\/span><span class=\"fg-image-overlay\"><\/span><\/a><figcaption class=\"fg-caption\"><div class=\"fg-caption-inner\"><div class=\"fg-caption-desc\">Lebenszyklus: Werterhaltung<\/div><\/div><\/figcaption><\/figure><div class=\"fg-loader\"><\/div><\/div><div class=\"fg-item fg-type-image fg-idle\"><figure class=\"fg-item-inner\"><a href=\"https:\/\/essentials.urbantree.ch\/wp-content\/uploads\/2022\/11\/BaumkartenBaeumeNichtZuTief.png\" data-caption-desc=\"Pflanzen Sie B\u00e4ume nicht zu tief!\" data-attachment-id=\"147\" data-type=\"image\" class=\"fg-thumb\"><span class=\"fg-image-wrap\"><img decoding=\"async\" alt=\"Pflanzen Sie B\u00e4ume nicht zu tief!\" width=\"450\" height=\"300\" class=\"skip-lazy fg-image\" data-src-fg=\"https:\/\/essentials.urbantree.ch\/wp-content\/uploads\/cache\/2022\/11\/BaumkartenBaeumeNichtZuTief\/1255130931.png\" src=\"data:image\/svg+xml,%3Csvg%20xmlns%3D%22http%3A%2F%2Fwww.w3.org%2F2000%2Fsvg%22%20width%3D%22450%22%20height%3D%22300%22%20viewBox%3D%220%200%20450%20300%22%3E%3C%2Fsvg%3E\" loading=\"eager\"><\/span><span class=\"fg-image-overlay\"><\/span><\/a><figcaption class=\"fg-caption\"><div class=\"fg-caption-inner\"><div class=\"fg-caption-desc\">Pflanzen Sie B\u00e4ume nicht zu tief!<\/div><\/div><\/figcaption><\/figure><div class=\"fg-loader\"><\/div><\/div><div class=\"fg-item fg-type-image fg-idle\"><figure class=\"fg-item-inner\"><a href=\"https:\/\/essentials.urbantree.ch\/wp-content\/uploads\/2022\/11\/BaumkartenUnorteRestflaechen.png\" data-caption-desc=\"Unorte&amp;amp;Restfl\u00e4chen\" data-attachment-id=\"134\" data-type=\"image\" class=\"fg-thumb\"><span class=\"fg-image-wrap\"><img decoding=\"async\" alt=\"Unorte&amp;Restfl\u00e4chen\" width=\"450\" height=\"300\" class=\"skip-lazy fg-image\" data-src-fg=\"https:\/\/essentials.urbantree.ch\/wp-content\/uploads\/cache\/2022\/11\/BaumkartenUnorteRestflaechen\/2004552811.png\" src=\"data:image\/svg+xml,%3Csvg%20xmlns%3D%22http%3A%2F%2Fwww.w3.org%2F2000%2Fsvg%22%20width%3D%22450%22%20height%3D%22300%22%20viewBox%3D%220%200%20450%20300%22%3E%3C%2Fsvg%3E\" loading=\"eager\"><\/span><span class=\"fg-image-overlay\"><\/span><\/a><figcaption class=\"fg-caption\"><div class=\"fg-caption-inner\"><div class=\"fg-caption-desc\">Unorte&amp;Restfl\u00e4chen<\/div><\/div><\/figcaption><\/figure><div class=\"fg-loader\"><\/div><\/div><div class=\"fg-item fg-type-image fg-idle\"><figure class=\"fg-item-inner\"><a href=\"https:\/\/essentials.urbantree.ch\/wp-content\/uploads\/2022\/11\/BaumkartenVerbundeneBaumscheiben.png\" data-caption-desc=\"Verbundene Baumscheiben\" data-attachment-id=\"143\" data-type=\"image\" class=\"fg-thumb\"><span class=\"fg-image-wrap\"><img decoding=\"async\" alt=\"Verbundene Baumscheiben\" width=\"450\" height=\"300\" class=\"skip-lazy fg-image\" data-src-fg=\"https:\/\/essentials.urbantree.ch\/wp-content\/uploads\/cache\/2022\/11\/BaumkartenVerbundeneBaumscheiben\/1506323262.png\" src=\"data:image\/svg+xml,%3Csvg%20xmlns%3D%22http%3A%2F%2Fwww.w3.org%2F2000%2Fsvg%22%20width%3D%22450%22%20height%3D%22300%22%20viewBox%3D%220%200%20450%20300%22%3E%3C%2Fsvg%3E\" loading=\"eager\"><\/span><span class=\"fg-image-overlay\"><\/span><\/a><figcaption class=\"fg-caption\"><div class=\"fg-caption-inner\"><div class=\"fg-caption-desc\">Verbundene Baumscheiben<\/div><\/div><\/figcaption><\/figure><div class=\"fg-loader\"><\/div><\/div><div class=\"fg-item fg-type-image fg-idle\"><figure class=\"fg-item-inner\"><a href=\"https:\/\/essentials.urbantree.ch\/wp-content\/uploads\/2022\/11\/BaumkartenZusammensetzungUrbanForest.png\" data-caption-desc=\"Zusammensetzung des Urban Forests\" data-attachment-id=\"142\" data-type=\"image\" class=\"fg-thumb\"><span class=\"fg-image-wrap\"><img decoding=\"async\" alt=\"Zusammensetzung des Urban Forests\" width=\"450\" height=\"300\" class=\"skip-lazy fg-image\" data-src-fg=\"https:\/\/essentials.urbantree.ch\/wp-content\/uploads\/cache\/2022\/11\/BaumkartenZusammensetzungUrbanForest\/738687258.png\" src=\"data:image\/svg+xml,%3Csvg%20xmlns%3D%22http%3A%2F%2Fwww.w3.org%2F2000%2Fsvg%22%20width%3D%22450%22%20height%3D%22300%22%20viewBox%3D%220%200%20450%20300%22%3E%3C%2Fsvg%3E\" loading=\"eager\"><\/span><span class=\"fg-image-overlay\"><\/span><\/a><figcaption class=\"fg-caption\"><div class=\"fg-caption-inner\"><div class=\"fg-caption-desc\">Zusammensetzung des Urban Forests<\/div><\/div><\/figcaption><\/figure><div class=\"fg-loader\"><\/div><\/div><\/div>\n\n\n\n\n<div style=\"height:50px\" aria-hidden=\"true\" class=\"wp-block-spacer\"><\/div>\n\n\n\n<h4 class=\"wp-block-heading\">Download<\/h4>\n\n\n\n<p>Falls Sie sich das komplette Kartenset herunterladen m\u00f6chten, hier geht es zum Download: <a href=\"https:\/\/essentials.urbantree.ch\/wp-content\/uploads\/2022\/11\/StadtbaumkartenDownload.pdf\" target=\"_blank\" rel=\"noopener\" title=\"\">Stadtbaumkarten<\/a><\/p>\n\n\n\n<p><\/p>\n","protected":false},"excerpt":{"rendered":"<p>Download Falls Sie sich das komplette Kartenset herunterladen m\u00f6chten, hier geht es zum Download: Stadtbaumkarten<\/p>\n","protected":false},"author":1,"featured_media":0,"parent":0,"menu_order":0,"comment_status":"closed","ping_status":"closed","template":"template-full-width-no-bottom-margin.php","meta":{"footnotes":""},"class_list":["post-2","page","type-page","status-publish","hentry"],"aioseo_notices":[],"_links":{"self":[{"href":"https:\/\/essentials.urbantree.ch\/index.php?rest_route=\/wp\/v2\/pages\/2","targetHints":{"allow":["GET"]}}],"collection":[{"href":"https:\/\/essentials.urbantree.ch\/index.php?rest_route=\/wp\/v2\/pages"}],"about":[{"href":"https:\/\/essentials.urbantree.ch\/index.php?rest_route=\/wp\/v2\/types\/page"}],"author":[{"embeddable":true,"href":"https:\/\/essentials.urbantree.ch\/index.php?rest_route=\/wp\/v2\/users\/1"}],"replies":[{"embeddable":true,"href":"https:\/\/essentials.urbantree.ch\/index.php?rest_route=%2Fwp%2Fv2%2Fcomments&post=2"}],"version-history":[{"count":59,"href":"https:\/\/essentials.urbantree.ch\/index.php?rest_route=\/wp\/v2\/pages\/2\/revisions"}],"predecessor-version":[{"id":324,"href":"https:\/\/essentials.urbantree.ch\/index.php?rest_route=\/wp\/v2\/pages\/2\/revisions\/324"}],"wp:attachment":[{"href":"https:\/\/essentials.urbantree.ch\/index.php?rest_route=%2Fwp%2Fv2%2Fmedia&parent=2"}],"curies":[{"name":"wp","href":"https:\/\/api.w.org\/{rel}","templated":true}]}}